{"id":7779,"date":"2020-08-28T14:50:26","date_gmt":"2020-08-28T12:50:26","guid":{"rendered":"https:\/\/dmmetal.eu\/vermietung\/"},"modified":"2020-08-28T14:50:26","modified_gmt":"2020-08-28T12:50:26","slug":"vermietung","status":"publish","type":"page","link":"https:\/\/dmmetal.eu\/de\/vermietung\/","title":{"rendered":"Vermietung"},"content":{"rendered":"<section class=\"wpb-content-wrapper\"><p>[vc_row css=&#8221;.vc_custom_1597917557986{padding-top: 225px !important;padding-bottom: 25px !important;}&#8221; top_section_title=&#8221;&#8221; bottom_section_title=&#8221;&#8221;][vc_column width=&#8221;1\/2&#8243;][vc_column_text]<strong>1. Teleskopstapler DIECI PEGASUS 45.21<\/strong><\/p>\n<ul>\n<li>Hydraulische Winde<\/li>\n<li>Hebekraft 4,5 T<\/li>\n<li>Arbeitsh\u00f6he 21 m<\/li>\n<li>Anschluss Arbeitskorb<\/li>\n<li>Gabeln<\/li>\n<\/ul>\n<p><strong>2. Elektrische Scheren-Arbeitsb\u00fchne SKYJACK<\/strong><\/p>\n<ul>\n<li>Arbeitsh\u00f6he 8,5 m<\/li>\n<li>Tragkraft 360 kg<\/li>\n<\/ul>\n<p><strong>3. Gelenkteleskoparbeitsb\u00fchne JGL 450<\/strong><\/p>\n<ul>\n<li>Arbeitsh\u00f6he 16 m<\/li>\n<li>Tragkraft 320 kg<\/li>\n<\/ul>\n<p><strong>4. Arbeitsmittel:<\/strong><\/p>\n<ul>\n<li>Automatisches Schwei\u00dfger\u00e4t zum Schwei\u00dfen von PVC- und TPO-Folien HERZ LarON<\/li>\n<li>Heissluftschweissger\u00e4t (Heissluftf\u00f6n) zum Schwei\u00dfen von PVC- und TPO-Folien LEISTER TRIAC S<\/li>\n<li>Vakuumheber VIAVAC CLAD BOY mit Tragkraft 600 kg f\u00fcr Fassaden- und Dachpaneele<\/li>\n<li>Magnetstahlbohrer mit Kronenbohrern bis zu einem Durchmesser von 45 mm<\/li>\n<li>Abbruchhammer HILTI TE700<\/li>\n<li>Elektrischer Generator HONDA 3,5 kW<\/li>\n<li>Tragbares Wechselrichter-Schwei\u00dfger\u00e4t LINCOLN<\/li>\n<\/ul>\n<p>[\/vc_column_text][\/vc_column][vc_column width=&#8221;1\/2&#8243;][vc_single_image image=&#8221;7504&#8243; img_size=&#8221;full&#8221;][vc_empty_space]<a  class=\"tt_button tt_primary_button btn_primary_color  pull-left panel-trigger-btn\" ><span class=\"prim_text\">Kontakt<\/span><\/a>[\/vc_column][\/vc_row]<\/p>\n<\/section>","protected":false},"excerpt":{"rendered":"<p>[vc_row css=&#8221;.vc_custom_1597917557986{padding-top: 225px !important;padding-bottom: 25px !important;}&#8221; top_section_title=&#8221;&#8221; bottom_section_title=&#8221;&#8221;][vc_column width=&#8221;1\/2&#8243;][vc_column_text]1. Teleskopstapler DIECI PEGASUS 45.21 Hydraulische Winde Hebekraft 4,5 T Arbeitsh\u00f6he 21 [&hellip;]<\/p>\n","protected":false},"author":1,"featured_media":0,"parent":0,"menu_order":0,"comment_status":"closed","ping_status":"closed","template":"","meta":[],"aioseo_notices":[],"_links":{"self":[{"href":"https:\/\/dmmetal.eu\/de\/wp-json\/wp\/v2\/pages\/7779"}],"collection":[{"href":"https:\/\/dmmetal.eu\/de\/wp-json\/wp\/v2\/pages"}],"about":[{"href":"https:\/\/dmmetal.eu\/de\/wp-json\/wp\/v2\/types\/page"}],"author":[{"embeddable":true,"href":"https:\/\/dmmetal.eu\/de\/wp-json\/wp\/v2\/users\/1"}],"replies":[{"embeddable":true,"href":"https:\/\/dmmetal.eu\/de\/wp-json\/wp\/v2\/comments?post=7779"}],"version-history":[{"count":2,"href":"https:\/\/dmmetal.eu\/de\/wp-json\/wp\/v2\/pages\/7779\/revisions"}],"predecessor-version":[{"id":7781,"href":"https:\/\/dmmetal.eu\/de\/wp-json\/wp\/v2\/pages\/7779\/revisions\/7781"}],"wp:attachment":[{"href":"https:\/\/dmmetal.eu\/de\/wp-json\/wp\/v2\/media?parent=7779"}],"curies":[{"name":"wp","href":"https:\/\/api.w.org\/{rel}","templated":true}]}}