{"id":7775,"date":"2020-08-28T14:49:47","date_gmt":"2020-08-28T12:49:47","guid":{"rendered":"https:\/\/dmmetal.eu\/projektierung-und-engineering\/"},"modified":"2020-08-30T08:07:58","modified_gmt":"2020-08-30T06:07:58","slug":"projektierung-und-engineering","status":"publish","type":"page","link":"https:\/\/dmmetal.eu\/de\/projektierung-und-engineering\/","title":{"rendered":"Projektierung und Engineering"},"content":{"rendered":"<section class=\"wpb-content-wrapper\"><p>[vc_row css=&#8221;.vc_custom_1597386101690{padding-top: 225px !important;padding-bottom: 25px !important;}&#8221;][vc_column width=&#8221;1\/2&#8243;][vc_single_image image=&#8221;7505&#8243; img_size=&#8221;full&#8221;][\/vc_column][vc_column width=&#8221;1\/2&#8243;][vc_column_text]<\/p>\n<h3>Ideenentw\u00fcrfe \u2013 IDZ<\/h3>\n<p>Der Ideenentwurf ist der einleitende Teil jeder Projektdokumentation. Er ist daf\u00fcr bestimmt, das Interesse des Kunden mit r\u00e4umlichen M\u00f6glichkeiten und architektonischen L\u00f6sungen in Einklang zu bringen. Im Allgemeinen beinhaltet er nur den Architekturplan, ggf. jedoch auch andere Installationen.<\/p>\n<h3>Projektideen \u2013 IDP<\/h3>\n<p>Die Projektidee ist das Ergebnis der Kommunikation zwischen dem Investor und dem Architekten. Vom Auftraggeber best\u00e4tigt, dient sie als Projektaufgabe und Ausgangspunkt f\u00fcr die weitere Projektierung.<\/p>\n<h3>Konzeption zur Projektgewinnung und anderen Bedingungen &#8211; IZP<\/h3>\n<p>Sie ist f\u00fcr die Einholung der Projekt- und anderen Bedingungen bestimmt. Sie beinhaltet Informationen \u00fcber die Teilnehmer und das Objekt auf der Grundlage ausgef\u00fcllter Formulare und Standortansichten.[\/vc_column_text][\/vc_column][\/vc_row][vc_row css=&#8221;.vc_custom_1597816219295{padding-top: 25px !important;padding-bottom: 25px !important;}&#8221;][vc_column][vc_separator][\/vc_column][\/vc_row][vc_row][vc_column width=&#8221;1\/2&#8243;][vc_column_text]<\/p>\n<h3>Projektdokumentation f\u00fcr die Einholung von Meinungen und der Baugenehmigung \u2013 DGD<\/h3>\n<p>Diese Dokumentation wird zu Zwecken der Einholung von Meinungen und Zustimmungen sowie einer Baugenehmigung f\u00fcr anspruchsvolle und weniger anspruchsvolle Objekte erstellt. Die Projektdokumentation beinhaltet eine F\u00fchrungsmappe, Pl\u00e4ne und Ausarbeitungen.<\/p>\n<h3>Projektdokumentation f\u00fcr die Ausf\u00fchrung des Baus \u2013 PZI<\/h3>\n<p>Die Projektdokumentation f\u00fcr die Ausf\u00fchrung besteht aus Pl\u00e4nen mit detaillierteren technischen Bestandteilen und Details, die die Projektdokumentation f\u00fcr die Einholung von Meinungen und der Baugenehmigung (DGD) erweitern. Sie beinhaltet auch Nachweise f\u00fcr die Erf\u00fcllung der grundlegenden Anforderungen des Objektes und dass diese auf der Grundlage geeigneter Pl\u00e4ne oder Ausarbeitungen erstellt werden. Das PZI enth\u00e4lt auch den Mengenbestand.<\/p>\n<h3>Ausschreibungsunterlagen \u2013 DZR<\/h3>\n<p>Diese Dokumentation wird auf Wunsch des Auftraggebers erstellt und umfasst vom Projektanten erstellte Listen einzelner Bau-, Handwerks- und Installationsarbeiten, um entsprechende Angebote f\u00fcr den Bau einzuholen.<\/p>\n<h3>Projektdokumentation der durchgef\u00fchrten Arbeiten \u2013 PID<\/h3>\n<p>Sie ist f\u00fcr die Einholung der Nutzungserlaubnis, der Erfassung des Objektes sowie f\u00fcr die Nutzung und Instandhaltung des Objektes bestimmt. Sie zeigt den tats\u00e4chlichen Zustand des Bauobjektes mit Abweichungen von der Dokumentation DGD und PZI.<\/p>\n<h3>Ausarbeitungen<\/h3>\n<p>Die Ausarbeitungen der Bauphysik im Bereich der effizienten Energienutzung in Geb\u00e4uden und die Ausarbeitungen zum L\u00e4rmschutz in Geb\u00e4uden sind ein wesentlicher Bestandteil der Nachweisdokumentation, auf deren Grundlage die Eignung des Objektes f\u00fcr die Bereiche der effizienten Energienutzung und des L\u00e4rms nachgewiesen wird.[\/vc_column_text][\/vc_column][vc_column width=&#8221;1\/2&#8243;][vc_column_text]<\/p>\n<h3>Grundlegende Einteilung:<\/h3>\n<p>\u2022 Ideenentwurf f\u00fcr die Einholung der Projekt- und anderen Bedingungen (IZP) \u2022 Projektdokumentation f\u00fcr die Einholung von Meinungen und der Baugenehmigung (DGD) \u2022 Projektdokumentation f\u00fcr die Ausf\u00fchrung des Baus (PZI) \u2022 Projektdokumentation der durchgef\u00fchrten Arbeiten (PID)<\/p>\n<h3>Projektantenaufsicht<\/h3>\n<p>Projektantenaufsicht erfolgt zur Sicherstellung und Kontrolle der genauen Umsetzung und Interpretation der Pl\u00e4ne.<\/p>\n<h3>Fachaufsicht<\/h3>\n<p>Die Fachaufsicht erfolgt gem\u00e4\u00df der Definition im slowenischen Baugesetz. Projektleitung und Beratung im Bereich der Projektierung, Umsetzung und \u00dcberwachung beim Bau des Objektes.<\/p>\n<h3>Brandschutz<\/h3>\n<p>\u2022 Brandschutzausarbeitung \u2022 hei\u00dfe Berechnungen von Stahlkonstruktionen<\/p>\n<h3>Ausarbeitungen und Nachweise:<\/h3>\n<p>\u2022 Ausarbeitungen der Bauphysik im Bereich der effizienten Energienutzung in Geb\u00e4uden \u2022 Ausarbeitungen zum L\u00e4rmschutz in Geb\u00e4uden \u2022 Nachweis zum L\u00e4rmschutz in Geb\u00e4uden[\/vc_column_text][vc_empty_space]<a  href=\"https:\/\/dmmetal.eu\/de\/referenzen\/\"  target=\"_self\"  title=\"Referenzen\" class=\"tt_button tt_primary_button btn_primary_color  pull-left button-action-link\" ><span class=\"prim_text\">unsere Referenzobjekte<\/span><\/a>[\/vc_column][\/vc_row]<\/p>\n<\/section>","protected":false},"excerpt":{"rendered":"<p>[vc_row css=&#8221;.vc_custom_1597386101690{padding-top: 225px !important;padding-bottom: 25px !important;}&#8221;][vc_column width=&#8221;1\/2&#8243;][vc_single_image image=&#8221;7505&#8243; img_size=&#8221;full&#8221;][\/vc_column][vc_column width=&#8221;1\/2&#8243;][vc_column_text] Ideenentw\u00fcrfe \u2013 IDZ Der Ideenentwurf ist der einleitende Teil jeder [&hellip;]<\/p>\n","protected":false},"author":1,"featured_media":0,"parent":0,"menu_order":0,"comment_status":"closed","ping_status":"closed","template":"","meta":[],"aioseo_notices":[],"_links":{"self":[{"href":"https:\/\/dmmetal.eu\/de\/wp-json\/wp\/v2\/pages\/7775"}],"collection":[{"href":"https:\/\/dmmetal.eu\/de\/wp-json\/wp\/v2\/pages"}],"about":[{"href":"https:\/\/dmmetal.eu\/de\/wp-json\/wp\/v2\/types\/page"}],"author":[{"embeddable":true,"href":"https:\/\/dmmetal.eu\/de\/wp-json\/wp\/v2\/users\/1"}],"replies":[{"embeddable":true,"href":"https:\/\/dmmetal.eu\/de\/wp-json\/wp\/v2\/comments?post=7775"}],"version-history":[{"count":2,"href":"https:\/\/dmmetal.eu\/de\/wp-json\/wp\/v2\/pages\/7775\/revisions"}],"predecessor-version":[{"id":7802,"href":"https:\/\/dmmetal.eu\/de\/wp-json\/wp\/v2\/pages\/7775\/revisions\/7802"}],"wp:attachment":[{"href":"https:\/\/dmmetal.eu\/de\/wp-json\/wp\/v2\/media?parent=7775"}],"curies":[{"name":"wp","href":"https:\/\/api.w.org\/{rel}","templated":true}]}}