{"id":7771,"date":"2020-08-28T14:49:45","date_gmt":"2020-08-28T12:49:45","guid":{"rendered":"https:\/\/dmmetal.eu\/dachdeckerprogramm\/"},"modified":"2020-08-30T08:05:47","modified_gmt":"2020-08-30T06:05:47","slug":"dachdeckerprogramm","status":"publish","type":"page","link":"https:\/\/dmmetal.eu\/de\/dachdeckerprogramm\/","title":{"rendered":"Dachdeckerprogramm"},"content":{"rendered":"<section class=\"wpb-content-wrapper\"><p>[vc_row css=&#8221;.vc_custom_1597386101690{padding-top: 225px !important;padding-bottom: 25px !important;}&#8221;][vc_column width=&#8221;1\/2&#8243;][vc_single_image image=&#8221;7501&#8243; img_size=&#8221;full&#8221;][\/vc_column][vc_column width=&#8221;1\/2&#8243;][vc_column_text]<\/p>\n<h3><strong>Zuschnitt von Blech einschlie\u00dflich Lieferung<\/strong><\/h3>\n<p>Wir bieten den Zuschnitt von Blech mit Blechscheren, bis zu einer L\u00e4nge von 6 m und einer St\u00e4rke von 0,6 mm.\u00a0Wir bieten Blech in einer St\u00e4rke von\u00a0 0,5 bis 0,6\u00a0 mm an. Wir liefern Bleche f\u00fcr alle Dachzubeh\u00f6rteile und -produkte in den gew\u00fcnschten Farben und Formen.<\/p>\n<h3><strong>CNC-Biegen von Blech<\/strong><\/h3>\n<p>Auf einer CNC-Biegemaschine biegen wir alle Arten von Blech bis zu einer St\u00e4rke von 0,6 mm.\u00a0Wir fertigen verschiedene Blechelemente f\u00fcr Umrandungen und andere Fassadenabschl\u00fcsse an.\u00a0Wir biegen ganz nach Wunsch auch vom Kunden gelieferte Bleche.<\/p>\n<h3><strong>K\u00e4mme und Dachrinnen und andere Spenglerprodukte<\/strong><\/h3>\n<p>Auf einer Stanzmaschine k\u00f6nnen wir binnen kurzer Lieferzeiten K\u00e4mme mit unterschiedlichen Z\u00e4hnen in verschiedenen Farben f\u00fcr alle Lieferanten und Arten von Trapezblechd\u00e4chern ausstanzen.\u00a0Wir bieten Dachrinnen in unterschiedlichen Arten und Farben an, die auf einer CNC-Biegemaschine mit einer L\u00e4nge von 6 m gebogen werden k\u00f6nnen.[\/vc_column_text][\/vc_column][\/vc_row][vc_row][vc_column][vc_separator][\/vc_column][\/vc_row][vc_row css=&#8221;.vc_custom_1597815444175{padding-top: 25px !important;padding-bottom: 25px !important;}&#8221;][vc_column width=&#8221;1\/2&#8243;][vc_column_text]<\/p>\n<h3>Sonstige Spenglerprodukte:<\/h3>\n<ul>\n<li>Eckelemente<\/li>\n<li>Windschutzverkleidungen<\/li>\n<li>Linien-Schneef\u00e4nge<\/li>\n<li>Omega Profile<\/li>\n<li>Traufprofile<\/li>\n<li>Firstelemente<\/li>\n<li>Stirnverkleidungen<\/li>\n<li>Dehnungsverkleidungen<\/li>\n<li>Leibungsverkleidungen<\/li>\n<li>Winkelelemente<\/li>\n<li>Dachrinnenkessel<\/li>\n<li>Verkleidungen<\/li>\n<li>Rinnenausl\u00e4ufe<\/li>\n<li>Schellen<\/li>\n<li>Rinnenb\u00fcgel<\/li>\n<li>Regenabfallrohre<\/li>\n<\/ul>\n<p>[\/vc_column_text][\/vc_column][vc_column width=&#8221;1\/2&#8243;][vc_column_text]<\/p>\n<h3>Folien<\/h3>\n<p>Wir bieten PVC- und TPO-Flachdachschwei\u00dffolien und verschiedene sekund\u00e4re Trennelemente zum Schutz Ihrer D\u00e4cher.<\/p>\n<h3>Folien:<\/h3>\n<ul>\n<li>BAUDER<\/li>\n<li>SIKA<\/li>\n<li>SARNAFIL<\/li>\n<li>FLAGON<\/li>\n<li>SIKA<\/li>\n<\/ul>\n<p>[\/vc_column_text][vc_empty_space height=&#8221;64px&#8221;]<a  href=\"https:\/\/dmmetal.eu\/de\/referenzen\/\"  target=\"_self\"  title=\"Referenzen\" class=\"tt_button tt_primary_button btn_primary_color  pull-left button-action-link\" ><span class=\"prim_text\">Unsere Referenzobjekte<\/span><\/a>[\/vc_column][\/vc_row]<\/p>\n<\/section>","protected":false},"excerpt":{"rendered":"<p>[vc_row css=&#8221;.vc_custom_1597386101690{padding-top: 225px !important;padding-bottom: 25px !important;}&#8221;][vc_column width=&#8221;1\/2&#8243;][vc_single_image image=&#8221;7501&#8243; img_size=&#8221;full&#8221;][\/vc_column][vc_column width=&#8221;1\/2&#8243;][vc_column_text] Zuschnitt von Blech einschlie\u00dflich Lieferung Wir bieten den Zuschnitt von [&hellip;]<\/p>\n","protected":false},"author":1,"featured_media":0,"parent":0,"menu_order":0,"comment_status":"closed","ping_status":"closed","template":"","meta":[],"aioseo_notices":[],"_links":{"self":[{"href":"https:\/\/dmmetal.eu\/de\/wp-json\/wp\/v2\/pages\/7771"}],"collection":[{"href":"https:\/\/dmmetal.eu\/de\/wp-json\/wp\/v2\/pages"}],"about":[{"href":"https:\/\/dmmetal.eu\/de\/wp-json\/wp\/v2\/types\/page"}],"author":[{"embeddable":true,"href":"https:\/\/dmmetal.eu\/de\/wp-json\/wp\/v2\/users\/1"}],"replies":[{"embeddable":true,"href":"https:\/\/dmmetal.eu\/de\/wp-json\/wp\/v2\/comments?post=7771"}],"version-history":[{"count":2,"href":"https:\/\/dmmetal.eu\/de\/wp-json\/wp\/v2\/pages\/7771\/revisions"}],"predecessor-version":[{"id":7800,"href":"https:\/\/dmmetal.eu\/de\/wp-json\/wp\/v2\/pages\/7771\/revisions\/7800"}],"wp:attachment":[{"href":"https:\/\/dmmetal.eu\/de\/wp-json\/wp\/v2\/media?parent=7771"}],"curies":[{"name":"wp","href":"https:\/\/api.w.org\/{rel}","templated":true}]}}