{"id":7767,"date":"2020-08-28T14:49:44","date_gmt":"2020-08-28T12:49:44","guid":{"rendered":"https:\/\/dmmetal.eu\/stahlhaeuser-und-ueberdachungen\/"},"modified":"2020-08-30T08:08:32","modified_gmt":"2020-08-30T06:08:32","slug":"stahlhaeuser-und-ueberdachungen","status":"publish","type":"page","link":"https:\/\/dmmetal.eu\/de\/stahlhaeuser-und-ueberdachungen\/","title":{"rendered":"Stahlh\u00e4user und \u00dcberdachungen"},"content":{"rendered":"<section class=\"wpb-content-wrapper\"><p>[vc_row css=&#8221;.vc_custom_1597386101690{padding-top: 225px !important;padding-bottom: 25px !important;}&#8221;][vc_column width=&#8221;1\/2&#8243;][vc_column_text]<\/p>\n<h3>Stahlh\u00e4user<\/h3>\n<p>Sie k\u00f6nnen zwischen verschiedenen Formen von H\u00e4usern w\u00e4hlen, die wir nach Ihren W\u00fcnschen projektieren. Wir garantieren einen hochwertigen und sehr schnellen Bau nachhaltiger H\u00e4user.<\/p>\n<h3><strong>Vorteile der Stahlh\u00e4user:<\/strong><\/h3>\n<ul>\n<li>schnelle Montage<\/li>\n<li>hochwertige und best\u00e4ndige Materialien<\/li>\n<li>Bau nach Ma\u00df<\/li>\n<li>\u00e4sthetisches Design und Raum f\u00fcr das \u201eAnderssein\u201c<\/li>\n<li>\u00fcberlegene optimale Zusammensetzung<\/li>\n<li>ausgezeichnete technische Eigenschaften<\/li>\n<li>maximale Materialbest\u00e4ndigkeit<\/li>\n<li>lange Lebensdauer des Hauses<\/li>\n<\/ul>\n<p>[\/vc_column_text][\/vc_column][vc_column width=&#8221;1\/2&#8243;][vc_column_text]<\/p>\n<h3>\u00dcberdachungen<\/h3>\n<p>Carports sch\u00fctzen Ihr Automobil vor Witterungseinfl\u00fcssen.<\/p>\n<h3>Sie k\u00f6nnen von zahlreichen \u00dcberdachungstypen w\u00e4hlen:<\/h3>\n<ul>\n<li>4-Pfosten \u00dcberdachungen<\/li>\n<li>Konsolen\u00fcberdachungen<\/li>\n<li>\u00dcberdachungen mit praktischen Lagerschuppen<\/li>\n<li>Terrassen\u00fcberdachungen<\/li>\n<li>Schmetterlings\u00fcberdachungen<\/li>\n<\/ul>\n<p>[\/vc_column_text][\/vc_column][\/vc_row][vc_row css=&#8221;.vc_custom_1597385921618{padding-top: 50px !important;}&#8221;][vc_column width=&#8221;1\/2&#8243;][vc_single_image image=&#8221;7503&#8243; img_size=&#8221;full&#8221;][\/vc_column][vc_column width=&#8221;1\/2&#8243;]<a  href=\"https:\/\/dmmetal.eu\/de\/referenzen\/\"  target=\"_self\"  title=\"Referenzen\" class=\"tt_button tt_primary_button btn_primary_color  pull-left button-action-link\" ><span class=\"prim_text\">Unsere Referenzobjekte<\/span><\/a>[\/vc_column][\/vc_row]<\/p>\n<\/section>","protected":false},"excerpt":{"rendered":"<p>[vc_row css=&#8221;.vc_custom_1597386101690{padding-top: 225px !important;padding-bottom: 25px !important;}&#8221;][vc_column width=&#8221;1\/2&#8243;][vc_column_text] Stahlh\u00e4user Sie k\u00f6nnen zwischen verschiedenen Formen von H\u00e4usern w\u00e4hlen, die wir nach Ihren [&hellip;]<\/p>\n","protected":false},"author":1,"featured_media":0,"parent":0,"menu_order":0,"comment_status":"closed","ping_status":"closed","template":"","meta":[],"aioseo_notices":[],"_links":{"self":[{"href":"https:\/\/dmmetal.eu\/de\/wp-json\/wp\/v2\/pages\/7767"}],"collection":[{"href":"https:\/\/dmmetal.eu\/de\/wp-json\/wp\/v2\/pages"}],"about":[{"href":"https:\/\/dmmetal.eu\/de\/wp-json\/wp\/v2\/types\/page"}],"author":[{"embeddable":true,"href":"https:\/\/dmmetal.eu\/de\/wp-json\/wp\/v2\/users\/1"}],"replies":[{"embeddable":true,"href":"https:\/\/dmmetal.eu\/de\/wp-json\/wp\/v2\/comments?post=7767"}],"version-history":[{"count":2,"href":"https:\/\/dmmetal.eu\/de\/wp-json\/wp\/v2\/pages\/7767\/revisions"}],"predecessor-version":[{"id":7803,"href":"https:\/\/dmmetal.eu\/de\/wp-json\/wp\/v2\/pages\/7767\/revisions\/7803"}],"wp:attachment":[{"href":"https:\/\/dmmetal.eu\/de\/wp-json\/wp\/v2\/media?parent=7767"}],"curies":[{"name":"wp","href":"https:\/\/api.w.org\/{rel}","templated":true}]}}