{"id":7763,"date":"2020-08-28T14:49:41","date_gmt":"2020-08-28T12:49:41","guid":{"rendered":"https:\/\/dmmetal.eu\/dacheindeckungen\/"},"modified":"2020-08-30T08:06:30","modified_gmt":"2020-08-30T06:06:30","slug":"dacheindeckungen","status":"publish","type":"page","link":"https:\/\/dmmetal.eu\/de\/dacheindeckungen\/","title":{"rendered":"Dacheindeckungen"},"content":{"rendered":"<section class=\"wpb-content-wrapper\"><p>[vc_row css=&#8221;.vc_custom_1597386101690{padding-top: 225px !important;padding-bottom: 25px !important;}&#8221;][vc_column width=&#8221;1\/2&#8243;][vc_single_image image=&#8221;7501&#8243; img_size=&#8221;full&#8221;][\/vc_column][vc_column width=&#8221;1\/2&#8243;][vc_column_text]<\/p>\n<h3>Paneen-Dacheindeckungen<\/h3>\n<p>Dacheindeckungen sind unterschiedlichen \u00e4u\u00dferen Einfl\u00fcssen ausgesetzt, deshalb ist es sehr wichtig, hochwertige Materialien zu verwenden, die die Funktionalit\u00e4t und Langlebigkeit des Dachs gew\u00e4hrleisten. Bei der Montage w\u00e4hlen wir deshalb Materialien namhafter und hochwertiger Hersteller.<\/p>\n<h3>D\u00e4cher<\/h3>\n<p>Wir sind sowohl f\u00fcr die \u00dcberdachung von Neubauten als auch f\u00fcr die Renovierung alter Objekte qualifiziert.[\/vc_column_text][\/vc_column][\/vc_row][vc_row][vc_column width=&#8221;1\/2&#8243;][vc_column_text]<\/p>\n<h3>Die Dacheindeckungen bieten folgende wesentliche Vorteile:<\/h3>\n<ul>\n<li>schnelle Montage<\/li>\n<li>feuersicher<\/li>\n<li>hohe Tragf\u00e4higkeit<\/li>\n<li>hohe Isolierung<\/li>\n<li>hohe Steifigkeit und Tragf\u00e4higkeit<\/li>\n<li>erstklassige Qualit\u00e4t<\/li>\n<li>lange Lebensdauer<\/li>\n<\/ul>\n<p>[\/vc_column_text][\/vc_column][vc_column width=&#8221;1\/2&#8243;][vc_column_text]<\/p>\n<h3>Wir bieten:<\/h3>\n<ul>\n<li>klassische Pult- und Satteld\u00e4cher<\/li>\n<li>Flachd\u00e4cher<\/li>\n<li>Kieselsteind\u00e4cher<\/li>\n<li>Gr\u00fcnd\u00e4cher<\/li>\n<li>sonstige Dachdecker-Spengler-Dienstleistungen<\/li>\n<\/ul>\n<p>[\/vc_column_text][\/vc_column][\/vc_row][vc_row css=&#8221;.vc_custom_1597385921618{padding-top: 50px !important;}&#8221;][vc_column width=&#8221;1\/2&#8243;][\/vc_column][vc_column width=&#8221;1\/2&#8243;]<a  href=\"https:\/\/dmmetal.eu\/de\/referenzen\/\"  target=\"_self\"  title=\"Referenzen\" class=\"tt_button tt_primary_button btn_primary_color  pull-left button-action-link\" ><span class=\"prim_text\">Unsere Referenzobjekte<\/span><\/a>[\/vc_column][\/vc_row]<\/p>\n<\/section>","protected":false},"excerpt":{"rendered":"<p>[vc_row css=&#8221;.vc_custom_1597386101690{padding-top: 225px !important;padding-bottom: 25px !important;}&#8221;][vc_column width=&#8221;1\/2&#8243;][vc_single_image image=&#8221;7501&#8243; img_size=&#8221;full&#8221;][\/vc_column][vc_column width=&#8221;1\/2&#8243;][vc_column_text] Paneen-Dacheindeckungen Dacheindeckungen sind unterschiedlichen \u00e4u\u00dferen Einfl\u00fcssen ausgesetzt, deshalb ist es [&hellip;]<\/p>\n","protected":false},"author":1,"featured_media":0,"parent":0,"menu_order":0,"comment_status":"closed","ping_status":"closed","template":"","meta":[],"aioseo_notices":[],"_links":{"self":[{"href":"https:\/\/dmmetal.eu\/de\/wp-json\/wp\/v2\/pages\/7763"}],"collection":[{"href":"https:\/\/dmmetal.eu\/de\/wp-json\/wp\/v2\/pages"}],"about":[{"href":"https:\/\/dmmetal.eu\/de\/wp-json\/wp\/v2\/types\/page"}],"author":[{"embeddable":true,"href":"https:\/\/dmmetal.eu\/de\/wp-json\/wp\/v2\/users\/1"}],"replies":[{"embeddable":true,"href":"https:\/\/dmmetal.eu\/de\/wp-json\/wp\/v2\/comments?post=7763"}],"version-history":[{"count":2,"href":"https:\/\/dmmetal.eu\/de\/wp-json\/wp\/v2\/pages\/7763\/revisions"}],"predecessor-version":[{"id":7801,"href":"https:\/\/dmmetal.eu\/de\/wp-json\/wp\/v2\/pages\/7763\/revisions\/7801"}],"wp:attachment":[{"href":"https:\/\/dmmetal.eu\/de\/wp-json\/wp\/v2\/media?parent=7763"}],"curies":[{"name":"wp","href":"https:\/\/api.w.org\/{rel}","templated":true}]}}