{"id":7754,"date":"2020-08-28T14:49:38","date_gmt":"2020-08-28T12:49:38","guid":{"rendered":"https:\/\/dmmetal.eu\/stahlkonstruktionen\/"},"modified":"2020-08-30T08:10:02","modified_gmt":"2020-08-30T06:10:02","slug":"stahlkonstruktionen","status":"publish","type":"page","link":"https:\/\/dmmetal.eu\/de\/stahlkonstruktionen\/","title":{"rendered":"Stahlkonstruktionen"},"content":{"rendered":"<section class=\"wpb-content-wrapper\"><p>[vc_row css=&#8221;.vc_custom_1597386101690{padding-top: 225px !important;padding-bottom: 25px !important;}&#8221;][vc_column][vc_column_text]<\/p>\n<h3 style=\"text-align: left;\"><span style=\"color: #ff0000;\"><strong>\u201eStahl erf\u00fcllt den Zweck.\u201c<\/strong><\/span><\/h3>\n<p>[\/vc_column_text][\/vc_column][\/vc_row][vc_row][vc_column width=&#8221;1\/2&#8243;][vc_single_image image=&#8221;7504&#8243; img_size=&#8221;full&#8221;][\/vc_column][vc_column width=&#8221;1\/2&#8243; css=&#8221;.vc_custom_1597386180069{padding-top: 20px !important;}&#8221;][vc_column_text]<\/p>\n<h3><strong>Stahlkonstruktionen<\/strong><\/h3>\n<p>Stahlkonstruktionen im Bau bieten unbegrenzte Konstruktionsm\u00f6glichkeiten. Der Bau ist sehr preisg\u00fcnstig und weist eine hohe Lebensdauer auf. Er kann mit praktisch allen Baustoffen kombiniert werden, da er eine gro\u00dfe M\u00f6glichkeit f\u00fcr kreatives Bauen bieten. Stahl altert nicht und kann zu 100 % recycelt werden. Das Material ist best\u00e4ndig und langlebig. Der Bau und die Aufstellung des Objektes k\u00f6nnen schnell und umweltfreundlich erfolgen. Stahlkonstruktionen sind wegen ihrer schnellen und optimalen Montage eine gute Wahl f\u00fcr den Bau. Unsere Konstruktionsabteilung erm\u00f6glicht es Ihnen, ein Geb\u00e4ude nach Ihren W\u00fcnschen und Erwartungen zu projektieren, das dann von unserem Montageteam montiert werden kann.<\/p>\n<h3><strong>ganzheitliche L\u00f6sungen<\/strong><\/h3>\n<p>Bei DM-METAL k\u00fcmmern wir uns um das ganzheitliche Projekt und f\u00fchren es bis zum Ende aus. Wir stehen Ihnen bei der Umsetzung Ihres Vorhabens zur Seite. Wir beraten Sie, unterst\u00fctzen Sie bei der Projektierung, Herstellung, Lieferung und dem Bau von Gesch\u00e4ftsobjekten, Produktionshallen, anspruchsvolleren Objekten, Lagerr\u00e4ume, \u00dcberdachungen, kleinere und schl\u00fcsselfertige Projekte, alles in \u00dcberstimmung mit den Standards.<\/p>\n<p>[\/vc_column_text][\/vc_column][\/vc_row][vc_row css=&#8221;.vc_custom_1597385921618{padding-top: 50px !important;}&#8221;][vc_column width=&#8221;1\/2&#8243;][\/vc_column][vc_column width=&#8221;1\/2&#8243;]<a  href=\"https:\/\/dmmetal.eu\/de\/referenzen\/\"  target=\"_self\"  title=\"Referenzen\" class=\"tt_button tt_primary_button btn_primary_color  pull-left button-action-link\" ><span class=\"prim_text\">Unsere Referenzobjekte<\/span><\/a>[\/vc_column][\/vc_row]<\/p>\n<\/section>","protected":false},"excerpt":{"rendered":"<p>[vc_row css=&#8221;.vc_custom_1597386101690{padding-top: 225px !important;padding-bottom: 25px !important;}&#8221;][vc_column][vc_column_text] \u201eStahl erf\u00fcllt den Zweck.\u201c [\/vc_column_text][\/vc_column][\/vc_row][vc_row][vc_column width=&#8221;1\/2&#8243;][vc_single_image image=&#8221;7504&#8243; img_size=&#8221;full&#8221;][\/vc_column][vc_column width=&#8221;1\/2&#8243; css=&#8221;.vc_custom_1597386180069{padding-top: 20px !important;}&#8221;][vc_column_text] Stahlkonstruktionen Stahlkonstruktionen [&hellip;]<\/p>\n","protected":false},"author":1,"featured_media":0,"parent":0,"menu_order":0,"comment_status":"closed","ping_status":"closed","template":"","meta":[],"aioseo_notices":[],"_links":{"self":[{"href":"https:\/\/dmmetal.eu\/de\/wp-json\/wp\/v2\/pages\/7754"}],"collection":[{"href":"https:\/\/dmmetal.eu\/de\/wp-json\/wp\/v2\/pages"}],"about":[{"href":"https:\/\/dmmetal.eu\/de\/wp-json\/wp\/v2\/types\/page"}],"author":[{"embeddable":true,"href":"https:\/\/dmmetal.eu\/de\/wp-json\/wp\/v2\/users\/1"}],"replies":[{"embeddable":true,"href":"https:\/\/dmmetal.eu\/de\/wp-json\/wp\/v2\/comments?post=7754"}],"version-history":[{"count":2,"href":"https:\/\/dmmetal.eu\/de\/wp-json\/wp\/v2\/pages\/7754\/revisions"}],"predecessor-version":[{"id":7804,"href":"https:\/\/dmmetal.eu\/de\/wp-json\/wp\/v2\/pages\/7754\/revisions\/7804"}],"wp:attachment":[{"href":"https:\/\/dmmetal.eu\/de\/wp-json\/wp\/v2\/media?parent=7754"}],"curies":[{"name":"wp","href":"https:\/\/api.w.org\/{rel}","templated":true}]}}