{"id":7745,"date":"2020-08-28T14:49:34","date_gmt":"2020-08-28T12:49:34","guid":{"rendered":"https:\/\/dmmetal.eu\/das-unternehmen\/"},"modified":"2020-08-28T14:49:48","modified_gmt":"2020-08-28T12:49:48","slug":"das-unternehmen","status":"publish","type":"page","link":"https:\/\/dmmetal.eu\/de\/das-unternehmen\/","title":{"rendered":"Das Unternehmen"},"content":{"rendered":"<section class=\"wpb-content-wrapper\"><p>[vc_row full_width=&#8221;stretch_row&#8221; css=&#8221;.vc_custom_1597382287672{padding-top: 200px !important;background-position: center !important;background-repeat: no-repeat !important;background-size: cover !important;}&#8221; top_section_title=&#8221;&#8221; bottom_section_title=&#8221;&#8221;][vc_column width=&#8221;1\/3&#8243;][vc_single_image image=&#8221;7513&#8243; img_size=&#8221;full&#8221;][\/vc_column][vc_column width=&#8221;2\/3&#8243; css=&#8221;.vc_custom_1556023475207{margin-left: 0px !important;padding-left: 0px !important;}&#8221;][vc_column_text]<strong>Das Unternehmen DM-METAL erf\u00fcllt die Anforderungen und Erwartungen seiner anspruchsvollen Kunden beim Projektieren und Aufstellen von Sport-, Lager- und Produktionsanlagen sowie bei der Umsetzung anderer zweckspezifischer Bauobjekte.<\/strong> Wir sind f\u00fcr eine Zusammenarbeit und Vernetzung mit inl\u00e4ndischen und ausl\u00e4ndischen Partnern und Experten bereit, um neue Produkte zu entwickeln und unsere Programme und Dienstleistungen zu verbessern. Zu unseren Entwicklungs-, Planungs- und Umsetzungsf\u00e4higkeiten geh\u00f6ren erstklassige Projektanten, Ingenieure und hochqualifizierte Mitarbeiter. Ein wichtiger Teil unseres Teams sind auch unsere Partnerunternehmen in Deutschland, \u00d6sterreich und Kroatien, die f\u00fcr das erfolgreiche Marketing-Management und die Umsetzung von Projekten in diesen Bereichen von entscheidender Bedeutung sind. <strong>Unser Ziel<\/strong> ist eine gute Zusammenarbeit mit Unternehmen und die Einhaltung ihrer Anforderungen und Bed\u00fcrfnisse in Wachstum und Entwicklung. Die Produktions- und Montagekapazit\u00e4t&nbsp; erm\u00f6glicht es uns, Objekte aller Dimensionen zu erstellen. <strong>Das Angebot<\/strong> reicht von kleinen \u00dcberdachungen f\u00fcr individuelle Hausbesitzer bis hin zum anspruchsvolleren Bau von Produktionssystemen, Lagergeb\u00e4uden und Objekten in der Lebensmittelindustrie.[\/vc_column_text][\/vc_column][\/vc_row][vc_row full_width=&#8221;stretch_row&#8221;][vc_column css=&#8221;.vc_custom_1516009024901{padding-right: 0px !important;padding-left: 0px !important;}&#8221;][vc_row_inner css=&#8221;.vc_custom_1556023572078{padding-top: 70px !important;padding-bottom: 70px !important;}&#8221;][vc_column_inner width=&#8221;1\/4&#8243; offset=&#8221;vc_col-lg-3 vc_col-md-6&#8243;]<div class=\"key-icon-box icon-default icon-top cont-center ib-hover-1  kd-animated fadeInUp\" style=\"background-color: transparent;\" ><div class=\"ib-wrapper\"><i class=\"iconsmind-Green-House iconsmind-Nature\" style=\" \"><\/i> <h6 class=\"service-heading\" >Professionalit\u00e4t<\/h6><\/div><\/div>[\/vc_column_inner][vc_column_inner width=&#8221;1\/4&#8243; offset=&#8221;vc_col-lg-3 vc_col-md-6&#8243;]<div class=\"key-icon-box icon-default icon-top cont-center ib-hover-1  kd-animated fadeInUp\" style=\"background-color: transparent;\" ><div class=\"ib-wrapper\"><i class=\"iconsmind-Building iconsmind-Buildings-Landmarks\" style=\" \"><\/i> <h6 class=\"service-heading\" >Qualit\u00e4t<\/h6><\/div><\/div>[\/vc_column_inner][vc_column_inner width=&#8221;1\/4&#8243; offset=&#8221;vc_col-lg-3 vc_col-md-6&#8243;]<div class=\"key-icon-box icon-default icon-top cont-center ib-hover-1  kd-animated fadeInUp\" style=\"background-color: transparent;\" ><div class=\"ib-wrapper\"><i class=\"iconsmind-People-onCloud iconsmind-Cloud-Class\" style=\" \"><\/i> <h6 class=\"service-heading\" >Zusammenarbeit<\/h6><\/div><\/div>[\/vc_column_inner][vc_column_inner width=&#8221;1\/4&#8243;]<div class=\"key-icon-box icon-default icon-top cont-center ib-hover-1  kd-animated fadeInUp\" style=\"background-color: transparent;\" ><div class=\"ib-wrapper\"><i class=\"iconsmind-Servers iconsmind-Hardware\" style=\" \"><\/i> <h6 class=\"service-heading\" >Angebot<\/h6><\/div><\/div>[\/vc_column_inner][\/vc_row_inner][\/vc_column][\/vc_row][vc_row full_width=&#8221;stretch_row&#8221;][vc_column css=&#8221;.vc_custom_1516009024901{padding-right: 0px !important;padding-left: 0px !important;}&#8221;][vc_column_text]<\/p>\n<h4><strong>Bei der Umsetzung der Projekte streben wir danach, dem Kunden das beste Produkt zu einem optimalen Preis anzubieten, die Anzahl der eingebauten Materialien zu optimieren und die maximale Effizienz sowie die beste Wirkung ausgew\u00e4hlter Materialien f\u00fcr die Aufstellung des gew\u00fcnschten Objektes zu erreichen. Ganz nach dem Motto \u201eWeniger ist mehr!\u201c.<\/strong><\/h4>\n<p>[\/vc_column_text][\/vc_column][\/vc_row][vc_row full_width=&#8221;stretch_row&#8221;][vc_column][vc_row_inner css=&#8221;.vc_custom_1555684681204{padding-bottom: 100px !important;}&#8221;][vc_column_inner width=&#8221;1\/4&#8243;][\/vc_column_inner][vc_column_inner width=&#8221;1\/2&#8243;][vc_empty_space]<a  href=\"https:\/\/dmmetal.eu\/de\/kontakt\/\"  target=\"_self\"  title=\"Kontakt\" class=\"tt_button tt_primary_button btn_primary_color  button-center button-action-link  kd-animated zoomIn\" data-animation-delay=200><span class=\"prim_text\">Kontakt<\/span><\/a>[\/vc_column_inner][vc_column_inner width=&#8221;1\/4&#8243;][\/vc_column_inner][\/vc_row_inner][\/vc_column][\/vc_row]<\/p>\n<\/section>","protected":false},"excerpt":{"rendered":"<p>[vc_row full_width=&#8221;stretch_row&#8221; css=&#8221;.vc_custom_1597382287672{padding-top: 200px !important;background-position: center !important;background-repeat: no-repeat !important;background-size: cover !important;}&#8221; top_section_title=&#8221;&#8221; bottom_section_title=&#8221;&#8221;][vc_column width=&#8221;1\/3&#8243;][vc_single_image image=&#8221;7513&#8243; img_size=&#8221;full&#8221;][\/vc_column][vc_column width=&#8221;2\/3&#8243; css=&#8221;.vc_custom_1556023475207{margin-left: 0px !important;padding-left: [&hellip;]<\/p>\n","protected":false},"author":1,"featured_media":0,"parent":0,"menu_order":0,"comment_status":"closed","ping_status":"closed","template":"","meta":[],"aioseo_notices":[],"_links":{"self":[{"href":"https:\/\/dmmetal.eu\/de\/wp-json\/wp\/v2\/pages\/7745"}],"collection":[{"href":"https:\/\/dmmetal.eu\/de\/wp-json\/wp\/v2\/pages"}],"about":[{"href":"https:\/\/dmmetal.eu\/de\/wp-json\/wp\/v2\/types\/page"}],"author":[{"embeddable":true,"href":"https:\/\/dmmetal.eu\/de\/wp-json\/wp\/v2\/users\/1"}],"replies":[{"embeddable":true,"href":"https:\/\/dmmetal.eu\/de\/wp-json\/wp\/v2\/comments?post=7745"}],"version-history":[{"count":2,"href":"https:\/\/dmmetal.eu\/de\/wp-json\/wp\/v2\/pages\/7745\/revisions"}],"predecessor-version":[{"id":7752,"href":"https:\/\/dmmetal.eu\/de\/wp-json\/wp\/v2\/pages\/7745\/revisions\/7752"}],"wp:attachment":[{"href":"https:\/\/dmmetal.eu\/de\/wp-json\/wp\/v2\/media?parent=7745"}],"curies":[{"name":"wp","href":"https:\/\/api.w.org\/{rel}","templated":true}]}}